{"id":1,"date":"2019-09-09T11:22:41","date_gmt":"2019-09-09T11:22:41","guid":{"rendered":"https:\/\/srt.jazanalabs.com\/?page_id=1"},"modified":"2025-10-16T17:37:04","modified_gmt":"2025-10-16T17:37:04","slug":"home","status":"publish","type":"page","link":"https:\/\/srt.jazanalabs.com\/","title":{"rendered":"Home"},"content":{"rendered":"<h1>\n<p style=\"text-align: left;\">THINK<br \/><span class=\"uk-heading-divider uk-display-inline-block\"><span class=\"uk-text-primary\">+ <\/span>SRT\u00a0 \u00a0<\/span><\/p>\n<\/h1>\n<div>\n<p>\u00a0 \u00a0Soluciones en Automatizaci\u00f3n, Rob\u00f3tica y Tecnolog\u00eda<\/p>\n<\/div>\n<h2>Misi\u00f3n<\/h2>\n<div>\n<p>Nuestra misi\u00f3n es brindar soluciones innovadoras y productivas suministrando productos y servicios de calidad en rob\u00f3tica, tecnolog\u00eda y automatizaci\u00f3n industrial en beneficio integral de los involucrados.<\/p>\n<\/div>\n<ul>\n<li>\n<p>        <img decoding=\"async\" src=\"\/wp-content\/uploads\/2025\/10\/Products.png\" alt=\"\"><\/p>\n<h3>Productos<\/h3>\n<div>\n<p>Proveemos una amplia variedad de equipos de control y automatizaci\u00f3n; seguridad industrial; Generaci\u00f3n y distribuci\u00f3n de aire comprimido.<\/p>\n<\/div>\n<p><a href=\"https:\/\/srt.jazanalabs.com\/?page_id=2\">Read more<\/a><\/p>\n<\/li>\n<li>\n<p>        <img decoding=\"async\" src=\"\/wp-content\/uploads\/2025\/10\/Solutions-1.png\" alt=\"\"><\/p>\n<h3>Soluciones<\/h3>\n<div>\n<p>Soluciones integrales, innovadoras y productivas, con dise\u00f1os y desarrollos espec\u00edficos seg\u00fan las necesidades de nuestros clientes.<\/p>\n<\/div>\n<\/li>\n<li>\n<p>        <img decoding=\"async\" src=\"\/wp-content\/uploads\/2025\/10\/Servicios.png\" alt=\"\"><\/p>\n<h3>Servicios<\/h3>\n<div>\n<div class=\"one-third column\">\n<div class=\"item\">\n<p>Nuestro compromiso es la satisfacci\u00f3n de nuestros clientes que gracias a nuestro equipo de profesionales logramos un beneficio integral a trav\u00e9s de la asesor\u00eda, el soporte y la capacitaci\u00f3n t\u00e9cnica.<\/p>\n<\/div>\n<\/div>\n<\/div>\n<\/li>\n<\/ul>\n<h2>\n<h2><strong>NUESTROS CLIENTES<\/strong><\/h2>\n<\/h2>\n<ul>\n<li>\n<p>        <img decoding=\"async\" src=\"\/wp-content\/uploads\/2025\/10\/client-1.png\" alt=\"\"><\/p>\n<\/li>\n<li>\n<p>        <img decoding=\"async\" src=\"\/wp-content\/uploads\/2025\/10\/client-2.png\" alt=\"\"><\/p>\n<\/li>\n<li>\n<p>        <img decoding=\"async\" src=\"\/wp-content\/uploads\/2025\/10\/client-3.png\" alt=\"\"><\/p>\n<\/li>\n<li>\n<p>        <img decoding=\"async\" src=\"\/wp-content\/uploads\/2025\/10\/client-4.png\" alt=\"\"><\/p>\n<\/li>\n<li>\n<p>        <img decoding=\"async\" src=\"\/wp-content\/uploads\/2025\/10\/client-5.png\" alt=\"\"><\/p>\n<\/li>\n<li>\n<p>        <img decoding=\"async\" src=\"\/wp-content\/uploads\/2025\/10\/client-6.png\" alt=\"\"><\/p>\n<\/li>\n<\/ul>\n<h1>MARCAS<\/h1>\n<ul>\n<li>\n<p>        <img decoding=\"async\" src=\"\/wp-content\/uploads\/2025\/10\/client-1.png\" alt=\"\"><\/p>\n<\/li>\n<li>\n<p>        <img decoding=\"async\" src=\"\/wp-content\/uploads\/2025\/10\/client-2.png\" alt=\"\"><\/p>\n<\/li>\n<li>\n<p>        <img decoding=\"async\" src=\"\/wp-content\/uploads\/2025\/10\/client-3.png\" alt=\"\"><\/p>\n<\/li>\n<li>\n<p>        <img decoding=\"async\" src=\"\/wp-content\/uploads\/2025\/10\/client-4.png\" alt=\"\"><\/p>\n<\/li>\n<li>\n<p>        <img decoding=\"async\" src=\"\/wp-content\/uploads\/2025\/10\/client-6.png\" alt=\"\"><\/p>\n<\/li>\n<\/ul>\n<p><!--more--><br \/>\n<!-- {\"type\":\"layout\",\"children\":[{\"name\":\"Hero\",\"type\":\"section\",\"props\":{\"height\":\"viewport\",\"height_offset_top\":true,\"height_viewport\":80,\"image_effect\":\"parallax\",\"image_parallax_bgy\":\"0,100\",\"image_parallax_easing\":\"1\",\"image_position\":\"center-center\",\"padding\":\"xlarge\",\"style\":\"default\",\"title_breakpoint\":\"xl\",\"title_position\":\"top-left\",\"title_rotation\":\"left\",\"vertical_align\":\"middle\",\"video\":\"wp-content\\\/uploads\\\/yootheme\\\/SRT_DemoReel_TWX.mp4\",\"width\":\"large\"},\"children\":[{\"type\":\"row\",\"props\":{\"layout\":\"large,expand,large\",\"margin\":\"remove-vertical\",\"parallax\":false},\"children\":[{\"type\":\"column\",\"props\":{\"image_position\":\"center-center\",\"position_sticky_breakpoint\":\"m\",\"vertical_align\":\"bottom\",\"width_medium\":\"auto\"},\"children\":[{\"type\":\"headline\",\"props\":{\"animation\":\"parallax\",\"content\":\"\n\n<p style=\\\"text-align: left;\\\">THINK<br \\\/><span class=\\\"uk-heading-divider uk-display-inline-block\\\"><span class=\\\"uk-text-primary\\\">+ <\\\/span>SRT\\u00a0 \\u00a0<\\\/span><\\\/p>\",\"margin\":\"remove-vertical\",\"parallax_breakpoint\":\"m\",\"parallax_easing\":\"1\",\"parallax_y\":\"0,150\",\"text_align\":\"left\",\"text_align_breakpoint\":\"m\",\"text_align_fallback\":\"center\",\"title_element\":\"h1\",\"title_style\":\"heading-xlarge\"}},{\"type\":\"text\",\"props\":{\"column_breakpoint\":\"m\",\"content\":\"\n\n<p>\\u00a0 \\u00a0Soluciones en Automatizaci\\u00f3n, Rob\\u00f3tica y Tecnolog\\u00eda<\\\/p>\",\"margin\":\"default\"}}]},{\"type\":\"column\",\"props\":{\"image_position\":\"center-center\",\"position_sticky_breakpoint\":\"m\",\"vertical_align\":\"bottom\",\"width_medium\":\"expand\"}},{\"type\":\"column\",\"props\":{\"image_position\":\"center-center\",\"position_sticky_breakpoint\":\"m\",\"vertical_align\":\"bottom\",\"width_medium\":\"auto\"}}]}],\"source\":{\"query\":{\"name\":\"pages.singlePage\"}}},{\"name\":\"About\",\"type\":\"section\",\"props\":{\"image_position\":\"center-center\",\"padding\":\"large\",\"padding_remove_top\":false,\"style\":\"default\",\"title_breakpoint\":\"xl\",\"title_position\":\"top-left\",\"title_rotation\":\"left\",\"vertical_align\":\"\",\"width\":\"large\"},\"children\":[{\"type\":\"row\",\"props\":{\"column_gap\":\"large\",\"layout\":\"1-4,3-4\",\"row_gap\":\"large\"},\"children\":[{\"type\":\"column\",\"props\":{\"image_position\":\"center-center\",\"position_sticky_breakpoint\":\"m\",\"width_medium\":\"1-4\"},\"children\":[{\"type\":\"headline\",\"props\":{\"animation\":\"parallax\",\"content\":\"Misi\\u00f3n\",\"parallax_breakpoint\":\"m\",\"parallax_easing\":\"1\",\"parallax_y\":\"0,50\",\"title_decoration\":\"line\",\"title_element\":\"h2\",\"title_style\":\"h4\"}}]},{\"type\":\"column\",\"props\":{\"image_position\":\"center-center\",\"position_sticky_breakpoint\":\"m\",\"width_medium\":\"3-4\"},\"children\":[{\"type\":\"text\",\"props\":{\"animation\":\"parallax\",\"column_breakpoint\":\"m\",\"content\":\"\n\n<p>Nuestra misi\\u00f3n es brindar soluciones innovadoras y productivas suministrando productos y servicios de calidad en rob\\u00f3tica, tecnolog\\u00eda y automatizaci\\u00f3n industrial en beneficio integral de los involucrados.<\\\/p>\",\"css\":\".el-element {max-width: 870px;}\",\"margin\":\"\",\"parallax_breakpoint\":\"m\",\"parallax_easing\":\"1\",\"parallax_y\":\"0,50\",\"text_style\":\"large\"}}]}]},{\"type\":\"row\",\"children\":[{\"type\":\"column\",\"props\":{\"image_position\":\"center-center\",\"position_sticky_breakpoint\":\"m\"},\"children\":[{\"type\":\"panel-slider\",\"props\":{\"content_column_breakpoint\":\"m\",\"icon_width\":80,\"image_align\":\"top\",\"image_grid_breakpoint\":\"m\",\"image_grid_width\":\"1-2\",\"image_svg_color\":\"emphasis\",\"link_style\":\"default\",\"link_text\":\"Read more\",\"margin\":\"default\",\"meta_align\":\"below-title\",\"meta_element\":\"div\",\"meta_style\":\"text-meta\",\"nav\":\"dotnav\",\"nav_align\":\"center\",\"nav_breakpoint\":\"s\",\"panel_match\":true,\"show_content\":true,\"show_hover_image\":true,\"show_hover_video\":true,\"show_image\":true,\"show_link\":true,\"show_meta\":true,\"show_title\":true,\"show_video\":true,\"slidenav\":\"outside\",\"slidenav_breakpoint\":\"xl\",\"slidenav_margin\":\"medium\",\"slidenav_outside_breakpoint\":\"xl\",\"slider_autoplay_pause\":true,\"slider_gap\":\"default\",\"slider_width\":\"fixed\",\"slider_width_default\":\"1-1\",\"slider_width_medium\":\"1-3\",\"title_align\":\"top\",\"title_element\":\"h3\",\"title_grid_breakpoint\":\"m\",\"title_grid_width\":\"1-2\",\"title_hover_style\":\"reset\"},\"children\":[{\"type\":\"panel-slider_item\",\"props\":{\"content\":\"\n\n<p>Proveemos una amplia variedad de equipos de control y automatizaci\\u00f3n; seguridad industrial; Generaci\\u00f3n y distribuci\\u00f3n de aire comprimido.<\\\/p>\",\"image\":\"wp-content\\\/uploads\\\/2025\\\/10\\\/Products.png\",\"link\":\"https:\\\/\\\/srt.jazanalabs.com\\\/?page_id=2\",\"title\":\"Productos\"}},{\"type\":\"panel-slider_item\",\"props\":{\"content\":\"\n\n<p>Soluciones integrales, innovadoras y productivas, con dise\\u00f1os y desarrollos espec\\u00edficos seg\\u00fan las necesidades de nuestros clientes.<\\\/p>\",\"image\":\"wp-content\\\/uploads\\\/2025\\\/10\\\/Solutions-1.png\",\"title\":\"Soluciones\"}},{\"type\":\"panel-slider_item\",\"props\":{\"content\":\"\n\n<div class=\\\"one-third column\\\">\\n\n\n<div class=\\\"item\\\">\\n\n\n<p>Nuestro compromiso es la satisfacci\\u00f3n de nuestros clientes que gracias a nuestro equipo de profesionales logramos un beneficio integral a trav\\u00e9s de la asesor\\u00eda, el soporte y la capacitaci\\u00f3n t\\u00e9cnica.<\\\/p>\\n<\\\/div>\\n<\\\/div>\",\"image\":\"wp-content\\\/uploads\\\/2025\\\/10\\\/Servicios.png\",\"title\":\"Servicios\"}}]}]}]}]},{\"name\":\"Philosophy\",\"type\":\"section\",\"props\":{\"image_effect\":\"parallax\",\"image_parallax_easing\":\"1\",\"image_position\":\"bottom-center\",\"media_visibility\":\"l\",\"style\":\"primary\",\"title_breakpoint\":\"xl\",\"title_position\":\"top-left\",\"title_rotation\":\"left\",\"vertical_align\":\"\",\"width\":\"small\"},\"children\":[{\"type\":\"row\",\"props\":{\"height_viewport\":80,\"width\":\"default\"},\"children\":[{\"type\":\"column\",\"props\":{\"image_position\":\"center-center\",\"position_sticky_breakpoint\":\"m\",\"vertical_align\":\"middle\"},\"children\":[{\"type\":\"headline\",\"props\":{\"animation\":\"parallax\",\"content\":\"\n\n<h2><strong>NUESTROS CLIENTES<\\\/strong><\\\/h2>\",\"parallax_breakpoint\":\"m\",\"parallax_easing\":\"1\",\"parallax_y\":\"0,-130\",\"title_element\":\"h2\",\"title_style\":\"heading-large\",\"visibility\":\"m\"}},{\"type\":\"panel-slider\",\"props\":{\"content_column_breakpoint\":\"m\",\"icon_width\":80,\"image_align\":\"top\",\"image_grid_breakpoint\":\"m\",\"image_grid_width\":\"1-2\",\"image_svg_color\":\"emphasis\",\"link_style\":\"default\",\"link_text\":\"Read more\",\"margin\":\"default\",\"meta_align\":\"below-title\",\"meta_element\":\"div\",\"meta_style\":\"text-meta\",\"nav\":\"dotnav\",\"nav_align\":\"center\",\"nav_breakpoint\":\"s\",\"panel_match\":true,\"show_content\":true,\"show_hover_image\":true,\"show_hover_video\":true,\"show_image\":true,\"show_link\":false,\"show_meta\":false,\"show_title\":false,\"show_video\":true,\"slidenav\":\"outside\",\"slidenav_breakpoint\":\"xl\",\"slidenav_margin\":\"medium\",\"slidenav_outside_breakpoint\":\"xl\",\"slider_autoplay\":true,\"slider_autoplay_interval\":\"3\",\"slider_autoplay_pause\":false,\"slider_gap\":\"default\",\"slider_parallax\":false,\"slider_parallax_target\":\"![class*='uk-section-'] ~ [class*='uk-section-']\",\"slider_sets\":false,\"slider_width\":\"fixed\",\"slider_width_default\":\"1-1\",\"slider_width_medium\":\"1-3\",\"title_align\":\"top\",\"title_element\":\"h3\",\"title_grid_breakpoint\":\"m\",\"title_grid_width\":\"1-2\",\"title_hover_style\":\"reset\"},\"children\":[{\"type\":\"panel-slider_item\",\"props\":{\"image\":\"wp-content\\\/uploads\\\/2025\\\/10\\\/client-1.png\"}},{\"type\":\"panel-slider_item\",\"props\":{\"image\":\"wp-content\\\/uploads\\\/2025\\\/10\\\/client-2.png\"}},{\"type\":\"panel-slider_item\",\"props\":{\"image\":\"wp-content\\\/uploads\\\/2025\\\/10\\\/client-3.png\"}},{\"type\":\"panel-slider_item\",\"props\":{\"image\":\"wp-content\\\/uploads\\\/2025\\\/10\\\/client-4.png\"}},{\"type\":\"panel-slider_item\",\"props\":{\"image\":\"wp-content\\\/uploads\\\/2025\\\/10\\\/client-5.png\"}},{\"type\":\"panel-slider_item\",\"props\":{\"image\":\"wp-content\\\/uploads\\\/2025\\\/10\\\/client-6.png\"}}]}]}]}]},{\"name\":\"Contact\",\"type\":\"section\",\"props\":{\"image_position\":\"center-center\",\"padding\":\"xlarge\",\"style\":\"default\",\"title_breakpoint\":\"xl\",\"title_position\":\"top-left\",\"title_rotation\":\"left\",\"vertical_align\":\"\",\"width\":\"large\"},\"children\":[{\"type\":\"row\",\"children\":[{\"type\":\"column\",\"props\":{\"image_position\":\"center-center\",\"position_sticky_breakpoint\":\"m\"},\"children\":[{\"type\":\"headline\",\"props\":{\"content\":\"MARCAS\",\"title_element\":\"h1\"}},{\"type\":\"panel-slider\",\"props\":{\"content_column_breakpoint\":\"m\",\"icon_width\":80,\"image_align\":\"top\",\"image_grid_breakpoint\":\"m\",\"image_grid_width\":\"1-2\",\"image_loading\":false,\"image_svg_color\":\"emphasis\",\"link_style\":\"default\",\"link_text\":\"Read more\",\"margin\":\"default\",\"meta_align\":\"below-title\",\"meta_element\":\"div\",\"meta_style\":\"text-meta\",\"nav\":\"dotnav\",\"nav_align\":\"center\",\"nav_breakpoint\":\"s\",\"panel_card_offset\":true,\"panel_match\":true,\"panel_style\":\"card-secondary\",\"show_content\":true,\"show_hover_image\":false,\"show_hover_video\":false,\"show_image\":true,\"show_link\":false,\"show_meta\":false,\"show_title\":false,\"show_video\":false,\"slidenav\":\"outside\",\"slidenav_breakpoint\":\"xl\",\"slidenav_margin\":\"medium\",\"slidenav_outside_breakpoint\":\"xl\",\"slider_autoplay\":true,\"slider_autoplay_interval\":\"5\",\"slider_autoplay_pause\":false,\"slider_gap\":\"default\",\"slider_parallax\":true,\"slider_parallax_easing\":\"-0.7\",\"slider_width\":\"fixed\",\"slider_width_default\":\"1-1\",\"slider_width_medium\":\"1-3\",\"title_align\":\"top\",\"title_element\":\"h3\",\"title_grid_breakpoint\":\"m\",\"title_grid_width\":\"1-2\",\"title_hover_style\":\"reset\"},\"children\":[{\"type\":\"panel-slider_item\",\"props\":{\"image\":\"wp-content\\\/uploads\\\/2025\\\/10\\\/client-1.png\"}},{\"type\":\"panel-slider_item\",\"props\":{\"image\":\"wp-content\\\/uploads\\\/2025\\\/10\\\/client-2.png\"}},{\"type\":\"panel-slider_item\",\"props\":{\"image\":\"wp-content\\\/uploads\\\/2025\\\/10\\\/client-3.png\"}},{\"type\":\"panel-slider_item\",\"props\":{\"image\":\"wp-content\\\/uploads\\\/2025\\\/10\\\/client-4.png\"}},{\"type\":\"panel-slider_item\",\"props\":{\"image\":\"wp-content\\\/uploads\\\/2025\\\/10\\\/client-6.png\"}}]}]}]}]}],\"version\":\"4.5.21\"} --><\/p>\n","protected":false},"excerpt":{"rendered":"<p>THINK+ SRT\u00a0 \u00a0 \u00a0 \u00a0Soluciones en Automatizaci\u00f3n, Rob\u00f3tica y Tecnolog\u00eda Misi\u00f3n Nuestra misi\u00f3n es brindar soluciones innovadoras y productivas suministrando productos y servicios de calidad en rob\u00f3tica, tecnolog\u00eda y automatizaci\u00f3n industrial en beneficio integral de los involucrados. Productos Proveemos una amplia variedad de equipos de control y automatizaci\u00f3n; seguridad industrial; Generaci\u00f3n y distribuci\u00f3n de aire [&hellip;]<\/p>\n","protected":false},"author":1,"featured_media":0,"parent":0,"menu_order":3,"comment_status":"closed","ping_status":"closed","template":"","meta":{"_acf_changed":false,"footnotes":""},"class_list":["post-1","page","type-page","status-publish","hentry"],"acf":[],"_links":{"self":[{"href":"https:\/\/srt.jazanalabs.com\/index.php?rest_route=\/wp\/v2\/pages\/1","targetHints":{"allow":["GET"]}}],"collection":[{"href":"https:\/\/srt.jazanalabs.com\/index.php?rest_route=\/wp\/v2\/pages"}],"about":[{"href":"https:\/\/srt.jazanalabs.com\/index.php?rest_route=\/wp\/v2\/types\/page"}],"author":[{"embeddable":true,"href":"https:\/\/srt.jazanalabs.com\/index.php?rest_route=\/wp\/v2\/users\/1"}],"replies":[{"embeddable":true,"href":"https:\/\/srt.jazanalabs.com\/index.php?rest_route=%2Fwp%2Fv2%2Fcomments&post=1"}],"version-history":[{"count":23,"href":"https:\/\/srt.jazanalabs.com\/index.php?rest_route=\/wp\/v2\/pages\/1\/revisions"}],"predecessor-version":[{"id":2129,"href":"https:\/\/srt.jazanalabs.com\/index.php?rest_route=\/wp\/v2\/pages\/1\/revisions\/2129"}],"wp:attachment":[{"href":"https:\/\/srt.jazanalabs.com\/index.php?rest_route=%2Fwp%2Fv2%2Fmedia&parent=1"}],"curies":[{"name":"wp","href":"https:\/\/api.w.org\/{rel}","templated":true}]}}