{"id":24,"date":"2019-09-09T11:22:32","date_gmt":"2019-09-09T11:22:32","guid":{"rendered":"https:\/\/srt.jazanalabs.com\/?page_id=24"},"modified":"2025-10-17T17:48:30","modified_gmt":"2025-10-17T17:48:30","slug":"terms-of-services","status":"publish","type":"page","link":"https:\/\/srt.jazanalabs.com\/?page_id=24","title":{"rendered":"Terms of Services"},"content":{"rendered":"<h1>Aviso de Privacidad<\/h1>\n<div>\n<p>De acuerdo a lo previsto en la &#8220;Ley Federal de protecci\u00f3n de datos personales&#8221; SRT AUTOMATION MEXICO S. DE R.L. DE C.V. declara ser una empresa legalmente constituida de conformidad con las leyes mexicanas, con domicilio en: Altamirano norte # 49Bis, Col. Centro, Quer\u00e9taro, Qro., C.P. 76000, M\u00e9xico, es responsable de recabar sus datos personales, del uso que se le d\u00e9 a los mismos y de su protecci\u00f3n.<\/p>\n<\/div>\n<h2>a. Finalidad y tratamiento de la informaci\u00f3n personal.<\/h2>\n<div>\n<p>Sus datos personales ser\u00e1n utilizados para las siguientes finalidades:<br \/>\n<br \/>\n    1. Proveer los servicios y productos requeridos por usted;<br \/>\n    2. Informar sobre cambios o nuevos productos o servicios que est\u00e9n relacionados con el contratado o adquirido por el cliente;<br \/>\n    3. Dar cumplimiento a obligaciones contra\u00eddas con nuestros clientes;<br \/>\n    4. Evaluar la calidad del servicio, y<br \/>\n    5. Realizar estudios internos sobre h\u00e1bitos de consumo.\n<\/p>\n<\/div>\n<h2>b. Uso de datos personales.<\/h2>\n<div>\n<p>Para las finalidades se\u00f1aladas en este aviso de privacidad, podemos recabar sus datos personales de las formas siguientes: cuando usted nos los proporciona directamente; cuando visita nuestro sitio de Internet o nuestra p\u00e1gina en las redes sociales y; cuando obtenemos informaci\u00f3n indirectamente a trav\u00e9s de otras fuentes permitidas por la ley.<\/p>\n<ul>\n<li>Datos personales que recabamos de forma directa.<br \/>\n<br \/>\nCuando estando usted en nuestras oficinas o alg\u00fan miembro de la empresa se lo solicite por cualquier medio (tel\u00e9fono, mensaje, correo electr\u00f3nico, etc.), o estando con dichas personas en el lugar que fuese, le pedimos que nos los proporcione. Los datos que obtenemos por este medio pueden ser: Nombre completo; Domicilio; Tel\u00e9fono; Correo electr\u00f3nico; Lugar de trabajo y puesto; referencias personales y\/o comerciales.<\/p>\n<li> A trav\u00e9s de nuestro sitio de Internet o redes sociales:<br \/>\n<br \/>\nYa sea que usted ingrese a nuestra p\u00e1gina web o a nuestras redes sociales y proporcione sus datos. Los datos que obtenemos por este medio pueden ser: Nombre completo; Domicilio; Tel\u00e9fono; Correo electr\u00f3nico; Lugar de trabajo y puesto.<\/p>\n<li>Datos personales que recabamos a trav\u00e9s de otras fuentes.<br \/>\n<br \/>\nPodemos obtener informaci\u00f3n de otras fuentes permitidas por la ley, tales como los directorios telef\u00f3nicos o laborales. Los datos que obtenemos por estos medios pueden ser, entre otros: Nombre completo; Domicilio; Tel\u00e9fono; Correo electr\u00f3nico; Lugar de trabajo y puesto.<\/p>\n<\/div>\n<h2>c. Uso de datos personales sensibles.<\/h2>\n<div>Le informamos que para cumplir con las finalidades previstas en este aviso de privacidad, en el caso de recabar datos personales sensibles, ser\u00e1n tratados como tales; por datos sensibles se entienden: Aquellos datos personales que afecten a la esfera m\u00e1s \u00edntima de su titular, o cuya utilizaci\u00f3n indebida pueda dar origen a discriminaci\u00f3n o conlleve un riesgo grave para \u00e9ste. En particular, se consideran sensibles aquellos que puedan revelar aspectos como origen racial o \u00e9tnico, estado de salud, informaci\u00f3n gen\u00e9tica, creencias religiosas, filos\u00f3ficas y morales, afiliaci\u00f3n sindical, opiniones pol\u00edticas, preferencia sexual.<\/p>\n<p>Nos comprometemos a que los mismos ser\u00e1n tratados bajo las m\u00e1s estrictas medidas de seguridad que garanticen su confidencialidad.<\/p>\n<p>De conformidad con lo que establece el art\u00edculo 9 de la Ley en cita, requerimos de su consentimiento expreso para el tratamiento de sus datos personales sensibles, por lo que le solicitamos indique si acepta o no el tratamiento pues en caso de no recibirlo entenderemos que acepta el tratamiento (deber\u00e1 imprimir, firmar, escanear y enviar por correo contacto@srtautomation.com) el presente aviso:<\/p>\n<p>    &#8211; Consiento que mis datos personales sensibles sean tratados conforme a los t\u00e9rminos y condiciones del presente aviso de privacidad.<br \/>\n    &#8211; Nombre y firma aut\u00f3grafa del titular<\/div>\n<h2>d. Limitaci\u00f3n al uso o divulgaci\u00f3n de informaci\u00f3n personal:<\/h2>\n<div>\n<p>Usted podr\u00e1 limitar en cualquier momento el uso de su informaci\u00f3n, dejando de recibir mensajes o cualquier tipo de comunicaci\u00f3n por tel\u00e9fono fijo, celular o correo electr\u00f3nico mediante los pasos siguientes:<\/p>\n<p>1. Por correo electr\u00f3nico. Enviar un correo electr\u00f3nico a contacto@srtautomation.com desde su direcci\u00f3n de correo electr\u00f3nico a la que nos hemos dirigido con usted, cumpliendo con los siguientes requisitos: El nombre del titular y domicilio u otro medio para comunicarle la respuesta a su solicitud; Los documentos que acrediten la identidad o, en su caso, la representaci\u00f3n legal del titular; La descripci\u00f3n clara y precisa de los datos personales respecto de los que se busca limitar su uso.<\/p>\n<p>2. Personalmente. Deber\u00e1 acudir a nuestras oficinas y llenar la forma que le facilitaremos para dicho efecto, cumpliendo con los siguientes requisitos: El nombre del titular y domicilio u otro medio para comunicarle la respuesta a su solicitud; Los documentos que acrediten la identidad o, en su caso, la representaci\u00f3n legal del titular; La descripci\u00f3n clara y precisa de los datos personales respecto de los que se busca limitar su uso.<\/p>\n<p>3. T\u00e9rmino. El plazo para atender y resolver su solicitud no deber\u00e1 ser mayor a 5 d\u00edas h\u00e1biles posteriores a la recepci\u00f3n de su correo electr\u00f3nico o documentos f\u00edsicamente.<\/p>\n<\/div>\n<h2>e. Del Ejercicio de los Derechos de Acceso, Rectificaci\u00f3n, Cancelaci\u00f3n y Oposici\u00f3n<\/h2>\n<div>\n<p>Usted tiene derecho de acceder a sus datos personales que poseemos y a los detalles del tratamiento de los mismos, as\u00ed como a rectificarlos en caso de ser inexactos e incompletos; cancelarlos cuando considere que no se requieren para alguna de las finalidades se\u00f1aladas en este aviso de privacidad, est\u00e9n siendo utilizados para finalidades no consentidas o haya finalizado la relaci\u00f3n contractual o de servicio, o bien, oponerse al tratamiento de los mismos para fines espec\u00edficos. Los mecanismos que se han implementado para el ejercicio de dichos derechos son a trav\u00e9s de la presentaci\u00f3n de la solicitud respectiva a trav\u00e9s de los pasos siguientes:<\/p>\n<p>1. Por correo electr\u00f3nico. Enviar un correo electr\u00f3nico a contacto@srtautomation.com desde su direcci\u00f3n de correo electr\u00f3nico a la que nos hemos dirigido con usted, cumpliendo con los siguientes requisitos: El nombre del titular y domicilio u otro medio para comunicarle la respuesta a su solicitud; Los documentos que acrediten la identidad o, en su caso, la representaci\u00f3n legal del titular; La descripci\u00f3n clara y precisa de los datos personales respecto de los que se busca acceder, rectificar, cancelar u oponerse a su uso.<\/p>\n<p>2. Personalmente. Deber\u00e1 acudir a nuestras oficinas y llenar la forma que le facilitaremos para dicho efecto, cumpliendo con los siguientes requisitos: El nombre del titular y domicilio u otro medio para comunicarle la respuesta a su solicitud; Los documentos que acrediten la identidad o, en su caso, la representaci\u00f3n legal del titular; La descripci\u00f3n clara y precisa de los datos personales respecto de los que se busca acceder, rectificar, cancelar u oponerse a su uso.<\/p>\n<p>3. T\u00e9rmino. El plazo para atender y resolver su solicitud no deber\u00e1 ser mayor a 5 d\u00edas h\u00e1biles posteriores a la recepci\u00f3n de su correo electr\u00f3nico o documentos f\u00edsicamente.<\/p>\n<\/div>\n<h2>f. Control y seguridad de informaci\u00f3n personal.<\/h2>\n<div>\n<p>De ninguna manera compartiremos ni divulgaremos la informaci\u00f3n que usted nos proporcione con ninguna persona o empresa, salvo las excepciones previstas por el art\u00edculo 37 de la Ley Federal de Protecci\u00f3n de Datos Personales en Posesi\u00f3n de Particulares, as\u00ed como realizar esta transferencia en los t\u00e9rminos que fija dicha ley.\n<\/p>\n<\/div>\n<h2>g. Cambios a \u00e9sta declaraci\u00f3n de privacidad.<\/h2>\n<div>Nos reservamos el derecho de efectuar en cualquier momento modificaciones o actualizaciones al presente aviso de privacidad, para la atenci\u00f3n de novedades legislativas, pol\u00edticas internas o nuevos requerimientos para la prestaci\u00f3n u ofrecimiento de nuestros servicios o productos.<\/p>\n<p>Estas modificaciones estar\u00e1n disponibles al p\u00fablico a trav\u00e9s de nuestra p\u00e1gina de Internet (secci\u00f3n aviso de privacidad) o bien se las haremos llegar al \u00faltimo correo electr\u00f3nico que nos haya proporcionado.<\/p><\/div>\n<h2>h. Quejas y denuncias.<\/h2>\n<div>\n<p>Si usted considera que su derecho de protecci\u00f3n de datos personales ha sido lesionado por alguna conducta de nuestros empleados o de nuestras actuaciones o respuestas, presume que en el tratamiento de sus datos personales existe alguna violaci\u00f3n a las disposiciones previstas en la Ley Federal de Protecci\u00f3n de Datos Personales en Posesi\u00f3n de los Particulares, podr\u00e1 interponer la queja o denuncia correspondiente ante el IFAI, para mayor informaci\u00f3n visite www.ifai.org.mx.<\/p>\n<\/div>\n<p><!--more--><br \/>\n<!-- {\"type\":\"layout\",\"children\":[{\"name\":\"Terms\",\"type\":\"section\",\"props\":{\"image_position\":\"center-center\",\"padding\":\"xlarge\",\"style\":\"default\",\"title_breakpoint\":\"xl\",\"title_position\":\"top-left\",\"title_rotation\":\"left\",\"vertical_align\":\"\",\"width\":\"small\"},\"children\":[{\"type\":\"row\",\"props\":{\"margin\":\"large\"},\"children\":[{\"type\":\"column\",\"props\":{\"image_position\":\"center-center\",\"position_sticky_breakpoint\":\"m\",\"width_medium\":\"1-1\"},\"children\":[{\"type\":\"headline\",\"props\":{\"content\":\"Aviso de Privacidad\",\"margin_remove_bottom\":false,\"margin_remove_top\":true,\"text_align\":\"center\",\"text_align_breakpoint\":\"s\",\"text_align_fallback\":\"left\",\"title_element\":\"h1\",\"title_style\":\"heading-medium\"}}]}]},{\"type\":\"row\",\"children\":[{\"type\":\"column\",\"props\":{\"image_position\":\"center-center\",\"position_sticky_breakpoint\":\"m\",\"width_medium\":\"1-1\"},\"children\":[{\"type\":\"text\",\"props\":{\"column_breakpoint\":\"m\",\"content\":\"\n\n<p>De acuerdo a lo previsto en la \\\"Ley Federal de protecci\\u00f3n de datos personales\\\" SRT AUTOMATION MEXICO S. DE R.L. DE C.V. declara ser una empresa legalmente constituida de conformidad con las leyes mexicanas, con domicilio en: Altamirano norte # 49Bis, Col. Centro, Quer\\u00e9taro, Qro., C.P. 76000, M\\u00e9xico, es responsable de recabar sus datos personales, del uso que se le d\\u00e9 a los mismos y de su protecci\\u00f3n.<\\\/p>\",\"margin\":\"large\",\"margin_remove_top\":true}},{\"type\":\"headline\",\"props\":{\"content\":\"a. Finalidad y tratamiento de la informaci\\u00f3n personal.\",\"title_element\":\"h2\",\"title_style\":\"h4\"}},{\"type\":\"text\",\"props\":{\"column_breakpoint\":\"m\",\"content\":\"\n\n<p>Sus datos personales ser\\u00e1n utilizados para las siguientes finalidades:\\n<br \/>\\n    1. Proveer los servicios y productos requeridos por usted;<br \/>\\n    2. Informar sobre cambios o nuevos productos o servicios que est\\u00e9n relacionados con el contratado o adquirido por el cliente;<br \/>\\n    3. Dar cumplimiento a obligaciones contra\\u00eddas con nuestros clientes;<br \/>\\n    4. Evaluar la calidad del servicio, y<br \/>\\n    5. Realizar estudios internos sobre h\\u00e1bitos de consumo.\\n<\\\/p>\",\"margin\":\"default\"}}]}]},{\"type\":\"row\",\"props\":{\"margin\":\"large\"},\"children\":[{\"type\":\"column\",\"props\":{\"image_position\":\"center-center\",\"position_sticky_breakpoint\":\"m\",\"width_medium\":\"1-1\"},\"children\":[{\"type\":\"headline\",\"props\":{\"content\":\"b. Uso de datos personales.\",\"title_element\":\"h2\",\"title_style\":\"h4\"}},{\"type\":\"text\",\"props\":{\"column_breakpoint\":\"m\",\"content\":\"\n\n<p>Para las finalidades se\\u00f1aladas en este aviso de privacidad, podemos recabar sus datos personales de las formas siguientes: cuando usted nos los proporciona directamente; cuando visita nuestro sitio de Internet o nuestra p\\u00e1gina en las redes sociales y; cuando obtenemos informaci\\u00f3n indirectamente a trav\\u00e9s de otras fuentes permitidas por la ley.\\n\n\n\\n \n\n<ul>\n\n<li>Datos personales que recabamos de forma directa.\\n<br \/>\\nCuando estando usted en nuestras oficinas o alg\\u00fan miembro de la empresa se lo solicite por cualquier medio (tel\\u00e9fono, mensaje, correo electr\\u00f3nico, etc.), o estando con dichas personas en el lugar que fuese, le pedimos que nos los proporcione. Los datos que obtenemos por este medio pueden ser: Nombre completo; Domicilio; Tel\\u00e9fono; Correo electr\\u00f3nico; Lugar de trabajo y puesto; referencias personales y\\\/o comerciales.\\n\n\n\\n \n\n<li> A trav\\u00e9s de nuestro sitio de Internet o redes sociales:\\n<br \/>\\nYa sea que usted ingrese a nuestra p\\u00e1gina web o a nuestras redes sociales y proporcione sus datos. Los datos que obtenemos por este medio pueden ser: Nombre completo; Domicilio; Tel\\u00e9fono; Correo electr\\u00f3nico; Lugar de trabajo y puesto.\\n\n\n\\n \n\n<li>Datos personales que recabamos a trav\\u00e9s de otras fuentes.\\n<br \/>\\nPodemos obtener informaci\\u00f3n de otras fuentes permitidas por la ley, tales como los directorios telef\\u00f3nicos o laborales. Los datos que obtenemos por estos medios pueden ser, entre otros: Nombre completo; Domicilio; Tel\\u00e9fono; Correo electr\\u00f3nico; Lugar de trabajo y puesto.<\\\/p>\",\"margin\":\"default\"}}]}]},{\"type\":\"row\",\"props\":{\"margin\":\"large\"},\"children\":[{\"type\":\"column\",\"props\":{\"image_position\":\"center-center\",\"position_sticky_breakpoint\":\"m\",\"width_medium\":\"1-1\"},\"children\":[{\"type\":\"headline\",\"props\":{\"content\":\"c. Uso de datos personales sensibles.\",\"title_element\":\"h2\",\"title_style\":\"h4\"}},{\"type\":\"text\",\"props\":{\"column_breakpoint\":\"m\",\"content\":\"Le informamos que para cumplir con las finalidades previstas en este aviso de privacidad, en el caso de recabar datos personales sensibles, ser\\u00e1n tratados como tales; por datos sensibles se entienden: Aquellos datos personales que afecten a la esfera m\\u00e1s \\u00edntima de su titular, o cuya utilizaci\\u00f3n indebida pueda dar origen a discriminaci\\u00f3n o conlleve un riesgo grave para \\u00e9ste. En particular, se consideran sensibles aquellos que puedan revelar aspectos como origen racial o \\u00e9tnico, estado de salud, informaci\\u00f3n gen\\u00e9tica, creencias religiosas, filos\\u00f3ficas y morales, afiliaci\\u00f3n sindical, opiniones pol\\u00edticas, preferencia sexual.\\n\n\n\\nNos comprometemos a que los mismos ser\\u00e1n tratados bajo las m\\u00e1s estrictas medidas de seguridad que garanticen su confidencialidad.\\n\n\n\\nDe conformidad con lo que establece el art\\u00edculo 9 de la Ley en cita, requerimos de su consentimiento expreso para el tratamiento de sus datos personales sensibles, por lo que le solicitamos indique si acepta o no el tratamiento pues en caso de no recibirlo entenderemos que acepta el tratamiento (deber\\u00e1 imprimir, firmar, escanear y enviar por correo contacto@srtautomation.com) el presente aviso:\\n\n\n\\n    - Consiento que mis datos personales sensibles sean tratados conforme a los t\\u00e9rminos y condiciones del presente aviso de privacidad.<br \/>\\n    - Nombre y firma aut\\u00f3grafa del titular\",\"margin\":\"default\"}}]}]},{\"type\":\"row\",\"props\":{\"margin\":\"large\"},\"children\":[{\"type\":\"column\",\"props\":{\"image_position\":\"center-center\",\"position_sticky_breakpoint\":\"m\",\"width_medium\":\"1-1\"},\"children\":[{\"type\":\"headline\",\"props\":{\"content\":\"d. Limitaci\\u00f3n al uso o divulgaci\\u00f3n de informaci\\u00f3n personal:\",\"title_element\":\"h2\",\"title_style\":\"h4\"}},{\"type\":\"text\",\"props\":{\"column_breakpoint\":\"m\",\"content\":\"\n\n<p>Usted podr\\u00e1 limitar en cualquier momento el uso de su informaci\\u00f3n, dejando de recibir mensajes o cualquier tipo de comunicaci\\u00f3n por tel\\u00e9fono fijo, celular o correo electr\\u00f3nico mediante los pasos siguientes:<\\\/p>\\n\\n\n\n<p>1. Por correo electr\\u00f3nico. Enviar un correo electr\\u00f3nico a contacto@srtautomation.com desde su direcci\\u00f3n de correo electr\\u00f3nico a la que nos hemos dirigido con usted, cumpliendo con los siguientes requisitos: El nombre del titular y domicilio u otro medio para comunicarle la respuesta a su solicitud; Los documentos que acrediten la identidad o, en su caso, la representaci\\u00f3n legal del titular; La descripci\\u00f3n clara y precisa de los datos personales respecto de los que se busca limitar su uso.<\\\/p>\\n\\n\n\n<p>2. Personalmente. Deber\\u00e1 acudir a nuestras oficinas y llenar la forma que le facilitaremos para dicho efecto, cumpliendo con los siguientes requisitos: El nombre del titular y domicilio u otro medio para comunicarle la respuesta a su solicitud; Los documentos que acrediten la identidad o, en su caso, la representaci\\u00f3n legal del titular; La descripci\\u00f3n clara y precisa de los datos personales respecto de los que se busca limitar su uso.<\\\/p>\\n\\n\n\n<p>3. T\\u00e9rmino. El plazo para atender y resolver su solicitud no deber\\u00e1 ser mayor a 5 d\\u00edas h\\u00e1biles posteriores a la recepci\\u00f3n de su correo electr\\u00f3nico o documentos f\\u00edsicamente.<\\\/p>\",\"margin\":\"default\"}}]}]},{\"type\":\"row\",\"props\":{\"margin\":\"large\"},\"children\":[{\"type\":\"column\",\"props\":{\"image_position\":\"center-center\",\"position_sticky_breakpoint\":\"m\",\"width_medium\":\"1-1\"},\"children\":[{\"type\":\"headline\",\"props\":{\"content\":\"e. Del Ejercicio de los Derechos de Acceso, Rectificaci\\u00f3n, Cancelaci\\u00f3n y Oposici\\u00f3n\",\"title_element\":\"h2\",\"title_style\":\"h4\"}},{\"type\":\"text\",\"props\":{\"column_breakpoint\":\"m\",\"content\":\"\n\n<p>Usted tiene derecho de acceder a sus datos personales que poseemos y a los detalles del tratamiento de los mismos, as\\u00ed como a rectificarlos en caso de ser inexactos e incompletos; cancelarlos cuando considere que no se requieren para alguna de las finalidades se\\u00f1aladas en este aviso de privacidad, est\\u00e9n siendo utilizados para finalidades no consentidas o haya finalizado la relaci\\u00f3n contractual o de servicio, o bien, oponerse al tratamiento de los mismos para fines espec\\u00edficos. Los mecanismos que se han implementado para el ejercicio de dichos derechos son a trav\\u00e9s de la presentaci\\u00f3n de la solicitud respectiva a trav\\u00e9s de los pasos siguientes:<\\\/p>\\n\\n\n\n<p>1. Por correo electr\\u00f3nico. Enviar un correo electr\\u00f3nico a contacto@srtautomation.com desde su direcci\\u00f3n de correo electr\\u00f3nico a la que nos hemos dirigido con usted, cumpliendo con los siguientes requisitos: El nombre del titular y domicilio u otro medio para comunicarle la respuesta a su solicitud; Los documentos que acrediten la identidad o, en su caso, la representaci\\u00f3n legal del titular; La descripci\\u00f3n clara y precisa de los datos personales respecto de los que se busca acceder, rectificar, cancelar u oponerse a su uso.<\\\/p>\\n\\n\n\n<p>2. Personalmente. Deber\\u00e1 acudir a nuestras oficinas y llenar la forma que le facilitaremos para dicho efecto, cumpliendo con los siguientes requisitos: El nombre del titular y domicilio u otro medio para comunicarle la respuesta a su solicitud; Los documentos que acrediten la identidad o, en su caso, la representaci\\u00f3n legal del titular; La descripci\\u00f3n clara y precisa de los datos personales respecto de los que se busca acceder, rectificar, cancelar u oponerse a su uso.<\\\/p>\\n\\n\n\n<p>3. T\\u00e9rmino. El plazo para atender y resolver su solicitud no deber\\u00e1 ser mayor a 5 d\\u00edas h\\u00e1biles posteriores a la recepci\\u00f3n de su correo electr\\u00f3nico o documentos f\\u00edsicamente.<\\\/p>\",\"margin\":\"default\"}}]}]},{\"type\":\"row\",\"props\":{\"margin\":\"large\"},\"children\":[{\"type\":\"column\",\"props\":{\"image_position\":\"center-center\",\"position_sticky_breakpoint\":\"m\",\"width_medium\":\"1-1\"},\"children\":[{\"type\":\"headline\",\"props\":{\"content\":\"f. Control y seguridad de informaci\\u00f3n personal.\",\"title_element\":\"h2\",\"title_style\":\"h4\"}},{\"type\":\"text\",\"props\":{\"column_breakpoint\":\"m\",\"content\":\"\n\n<p>De ninguna manera compartiremos ni divulgaremos la informaci\\u00f3n que usted nos proporcione con ninguna persona o empresa, salvo las excepciones previstas por el art\\u00edculo 37 de la Ley Federal de Protecci\\u00f3n de Datos Personales en Posesi\\u00f3n de Particulares, as\\u00ed como realizar esta transferencia en los t\\u00e9rminos que fija dicha ley.\\n<\\\/p>\",\"margin\":\"default\"}}]}]},{\"type\":\"row\",\"props\":{\"margin\":\"large\"},\"children\":[{\"type\":\"column\",\"props\":{\"image_position\":\"center-center\",\"position_sticky_breakpoint\":\"m\",\"width_medium\":\"1-1\"},\"children\":[{\"type\":\"headline\",\"props\":{\"content\":\"g. Cambios a \\u00e9sta declaraci\\u00f3n de privacidad.\",\"title_element\":\"h2\",\"title_style\":\"h4\"}},{\"type\":\"text\",\"props\":{\"column_breakpoint\":\"m\",\"content\":\"Nos reservamos el derecho de efectuar en cualquier momento modificaciones o actualizaciones al presente aviso de privacidad, para la atenci\\u00f3n de novedades legislativas, pol\\u00edticas internas o nuevos requerimientos para la prestaci\\u00f3n u ofrecimiento de nuestros servicios o productos.\\n\\nEstas modificaciones estar\\u00e1n disponibles al p\\u00fablico a trav\\u00e9s de nuestra p\\u00e1gina de Internet (secci\\u00f3n aviso de privacidad) o bien se las haremos llegar al \\u00faltimo correo electr\\u00f3nico que nos haya proporcionado.\",\"margin\":\"default\"}}]}]},{\"type\":\"row\",\"props\":{\"margin\":\"large\"},\"children\":[{\"type\":\"column\",\"props\":{\"image_position\":\"center-center\",\"position_sticky_breakpoint\":\"m\",\"width_medium\":\"1-1\"},\"children\":[{\"type\":\"headline\",\"props\":{\"content\":\"h. Quejas y denuncias.\",\"title_element\":\"h2\",\"title_style\":\"h4\"}},{\"type\":\"text\",\"props\":{\"column_breakpoint\":\"m\",\"content\":\"\n\n<p>Si usted considera que su derecho de protecci\\u00f3n de datos personales ha sido lesionado por alguna conducta de nuestros empleados o de nuestras actuaciones o respuestas, presume que en el tratamiento de sus datos personales existe alguna violaci\\u00f3n a las disposiciones previstas en la Ley Federal de Protecci\\u00f3n de Datos Personales en Posesi\\u00f3n de los Particulares, podr\\u00e1 interponer la queja o denuncia correspondiente ante el IFAI, para mayor informaci\\u00f3n visite www.ifai.org.mx.<\\\/p>\",\"margin\":\"default\"}}]}]}]}],\"version\":\"4.5.21\"} --><\/p>\n","protected":false},"excerpt":{"rendered":"<p>Aviso de Privacidad De acuerdo a lo previsto en la &#8220;Ley Federal de protecci\u00f3n de datos personales&#8221; SRT AUTOMATION MEXICO S. DE R.L. DE C.V. declara ser una empresa legalmente constituida de conformidad con las leyes mexicanas, con domicilio en: Altamirano norte # 49Bis, Col. Centro, Quer\u00e9taro, Qro., C.P. 76000, M\u00e9xico, es responsable de recabar [&hellip;]<\/p>\n","protected":false},"author":1,"featured_media":0,"parent":0,"menu_order":0,"comment_status":"closed","ping_status":"closed","template":"","meta":{"_acf_changed":false,"footnotes":""},"class_list":["post-24","page","type-page","status-publish","hentry"],"acf":[],"_links":{"self":[{"href":"https:\/\/srt.jazanalabs.com\/index.php?rest_route=\/wp\/v2\/pages\/24","targetHints":{"allow":["GET"]}}],"collection":[{"href":"https:\/\/srt.jazanalabs.com\/index.php?rest_route=\/wp\/v2\/pages"}],"about":[{"href":"https:\/\/srt.jazanalabs.com\/index.php?rest_route=\/wp\/v2\/types\/page"}],"author":[{"embeddable":true,"href":"https:\/\/srt.jazanalabs.com\/index.php?rest_route=\/wp\/v2\/users\/1"}],"replies":[{"embeddable":true,"href":"https:\/\/srt.jazanalabs.com\/index.php?rest_route=%2Fwp%2Fv2%2Fcomments&post=24"}],"version-history":[{"count":22,"href":"https:\/\/srt.jazanalabs.com\/index.php?rest_route=\/wp\/v2\/pages\/24\/revisions"}],"predecessor-version":[{"id":2154,"href":"https:\/\/srt.jazanalabs.com\/index.php?rest_route=\/wp\/v2\/pages\/24\/revisions\/2154"}],"wp:attachment":[{"href":"https:\/\/srt.jazanalabs.com\/index.php?rest_route=%2Fwp%2Fv2%2Fmedia&parent=24"}],"curies":[{"name":"wp","href":"https:\/\/api.w.org\/{rel}","templated":true}]}}